{"id":9,"date":"2026-02-25T10:09:16","date_gmt":"2026-02-25T10:09:16","guid":{"rendered":"https:\/\/nilaspa.pe\/?page_id=9"},"modified":"2026-04-02T08:25:03","modified_gmt":"2026-04-02T08:25:03","slug":"inicio","status":"publish","type":"page","link":"https:\/\/nilaspa.pe\/en\/","title":{"rendered":"Masajes para Hombres en Miraflores | Nila Spa"},"content":{"rendered":"<p>Massage for Men and Wellness Near You<\/p>\n\n\n\n<p>Located on Av. Larco, in the heart of Miraflores \u2013 Lima.<br>Just a few steps from Kennedy Park and Larcomar.<\/p>\n\n\n\n<p>Masajes en Miraflores, cerca de ti.<\/p>\n\n\n\n<div class=\"wp-block-cover is-light\"><img loading=\"lazy\" decoding=\"async\" width=\"1024\" height=\"683\" class=\"wp-block-cover__image-background wp-image-43 size-large\" alt=\"\" src=\"https:\/\/nilaspa.pe\/wp-content\/uploads\/2026\/03\/file_00000000d06871f5bcb125b4c551ddcc-1-1024x683.png\" data-object-fit=\"cover\" srcset=\"https:\/\/nilaspa.pe\/wp-content\/uploads\/2026\/03\/file_00000000d06871f5bcb125b4c551ddcc-1-1024x683.png 1024w, https:\/\/nilaspa.pe\/wp-content\/uploads\/2026\/03\/file_00000000d06871f5bcb125b4c551ddcc-1-300x200.png 300w, https:\/\/nilaspa.pe\/wp-content\/uploads\/2026\/03\/file_00000000d06871f5bcb125b4c551ddcc-1-768x512.png 768w, https:\/\/nilaspa.pe\/wp-content\/uploads\/2026\/03\/file_00000000d06871f5bcb125b4c551ddcc-1.png 1536w\" sizes=\"auto, (max-width: 1024px) 100vw, 1024px\" \/><span aria-hidden=\"true\" class=\"wp-block-cover__background has-background-dim-10 has-background-dim\" style=\"background-color:#9a7d63\"><\/span><div class=\"wp-block-cover__inner-container is-layout-flow wp-block-cover-is-layout-flow\">\n<p><\/p>\n\n\n\n<p><\/p>\n\n\n\n<p><\/p>\n\n\n\n<h2 class=\"wp-block-heading has-white-color has-text-color has-link-color wp-elements-edcc121d3c7c9db7a7e005ddf6cd2fd5\">Masajes para HOMBRES y Bienestar  en Miraflores<\/h2>\n\n\n\n<p class=\"has-white-color has-text-color has-link-color wp-elements-3a0ed183a8ee2c9b3a9bf8a25e29ac67\">Massage in Miraflores near Kennedy Park and Larcomar \u2013 a relaxing wellness experience.<\/p>\n\n\n\n<p><\/p>\n\n\n\n<p><\/p>\n\n\n\n<div class=\"wp-block-buttons is-layout-flex wp-block-buttons-is-layout-flex\">\n<div class=\"wp-block-button\"><a class=\"wp-block-button__link wp-element-button\" href=\"tel:+51943571449\">CALL NOW<\/a><\/div>\n<\/div>\n\n\n\n<ul class=\"wp-block-social-links is-layout-flex wp-block-social-links-is-layout-flex\"><li class=\"wp-social-link wp-social-link-telegram  wp-block-social-link\"><a href=\"https:\/\/t.me\/Nilawellnesscenter\" class=\"wp-block-social-link-anchor\"><svg width=\"24\" height=\"24\" viewbox=\"0 0 128 128\" version=\"1.1\" xmlns=\"http:\/\/www.w3.org\/2000\/svg\" aria-hidden=\"true\" focusable=\"false\"><path d=\"M28.9700376,63.3244248 C47.6273373,55.1957357 60.0684594,49.8368063 66.2934036,47.2476366 C84.0668845,39.855031 87.7600616,38.5708563 90.1672227,38.528 C90.6966555,38.5191258 91.8804274,38.6503351 92.6472251,39.2725385 C93.294694,39.7979149 93.4728387,40.5076237 93.5580865,41.0057381 C93.6433345,41.5038525 93.7494885,42.63857 93.6651041,43.5252052 C92.7019529,53.6451182 88.5344133,78.2034783 86.4142057,89.5379542 C85.5170662,94.3339958 83.750571,95.9420841 82.0403991,96.0994568 C78.3237996,96.4414641 75.5015827,93.6432685 71.9018743,91.2836143 C66.2690414,87.5912212 63.0868492,85.2926952 57.6192095,81.6896017 C51.3004058,77.5256038 55.3966232,75.2369981 58.9976911,71.4967761 C59.9401076,70.5179421 76.3155302,55.6232293 76.6324771,54.2720454 C76.6721165,54.1030573 76.7089039,53.4731496 76.3346867,53.1405352 C75.9604695,52.8079208 75.4081573,52.921662 75.0095933,53.0121213 C74.444641,53.1403447 65.4461175,59.0880351 48.0140228,70.8551922 C45.4598218,72.6091037 43.1463059,73.4636682 41.0734751,73.4188859 C38.7883453,73.3695169 34.3926725,72.1268388 31.1249416,71.0646282 C27.1169366,69.7617838 23.931454,69.0729605 24.208838,66.8603276 C24.3533167,65.7078514 25.9403832,64.5292172 28.9700376,63.3244248 Z\" \/><\/svg><span class=\"wp-block-social-link-label screen-reader-text\">Telegram<\/span><\/a><\/li><\/ul>\n\n\n\n<ul class=\"wp-block-social-links is-layout-flex wp-block-social-links-is-layout-flex\"><\/ul>\n\n\n<div class=\"trp-shortcode-switcher__wrapper\"\r\n     style=\"--bg:#ffffff;--bg-hover:#0000000d;--text:#143852;--text-hover:#1d2327;--border:1px solid #1438521a;--border-width:1px;--border-color:#1438521a;--border-radius:5px;--flag-radius:2px;--flag-size:18px;--aspect-ratio:4\/3;--font-size:14px;--transition-duration:0.2s\"\r\n     role=\"group\"\r\n     data-open-mode=\"hover\">\r\n\r\n    \r\n        <!-- ANCHOR (in-flow only; sizing\/borders; inert) -->\r\n        <div class=\"trp-language-switcher trp-ls-dropdown trp-shortcode-switcher trp-shortcode-anchor trp-open-on-hover\"\r\n             aria-hidden=\"true\"\r\n             inert\r\n data-no-translation>\r\n                <div class=\"trp-current-language-item__wrapper\">\r\n        <a class=\"trp-language-item trp-language-item__default trp-language-item__current\" data-no-translation href=\"https:\/\/nilaspa.pe\/en\/wp-json\/wp\/v2\/pages\/9\" title=\"English\"><img decoding=\"async\" src=\"https:\/\/nilaspa.pe\/wp-content\/plugins\/translatepress-multilingual\/assets\/flags\/4x3\/en_US.svg\" class=\"trp-flag-image\" alt=\"\" role=\"presentation\" loading=\"lazy\" \/><span class=\"trp-language-item-name\">English<\/span><\/a>                    <svg class=\"trp-shortcode-arrow\" width=\"20\" height=\"20\" viewbox=\"0 0 20 21\" fill=\"none\" aria-hidden=\"true\" focusable=\"false\" xmlns=\"http:\/\/www.w3.org\/2000\/svg\">\r\n                <path d=\"M5 8L10 13L15 8\" stroke=\"var(--text)\" stroke-width=\"2\" stroke-linecap=\"round\" stroke-linejoin=\"round\"\/>\r\n            <\/svg>\r\n            <\/div>\r\n            <\/div>\r\n\r\n        <!-- OVERLAY (positioned; interactive surface) -->\r\n        <div class=\"trp-language-switcher trp-ls-dropdown trp-shortcode-switcher trp-shortcode-overlay trp-open-on-hover\"\r\n             role=\"navigation\"\r\n             aria-label=\"Website language selector\"\r\n             data-no-translation\r\n>\r\n                <div class=\"trp-current-language-item__wrapper\">\r\n        <div class=\"trp-language-item trp-language-item__default trp-language-item__current\" data-no-translation role=\"button\" aria-expanded=\"false\" tabindex=\"0\" aria-label=\"Change language\" aria-controls=\"trp-shortcode-dropdown-69e0e3ce89929\"><img decoding=\"async\" src=\"https:\/\/nilaspa.pe\/wp-content\/plugins\/translatepress-multilingual\/assets\/flags\/4x3\/en_US.svg\" class=\"trp-flag-image\" alt=\"\" role=\"presentation\" loading=\"lazy\" \/><span class=\"trp-language-item-name\">English<\/span><\/div>                    <svg class=\"trp-shortcode-arrow\" width=\"20\" height=\"20\" viewbox=\"0 0 20 21\" fill=\"none\" aria-hidden=\"true\" focusable=\"false\" xmlns=\"http:\/\/www.w3.org\/2000\/svg\">\r\n                <path d=\"M5 8L10 13L15 8\" stroke=\"var(--text)\" stroke-width=\"2\" stroke-linecap=\"round\" stroke-linejoin=\"round\"\/>\r\n            <\/svg>\r\n            <\/div>\r\n    \r\n            <div class=\"trp-switcher-dropdown-list\"\r\n                 id=\"trp-shortcode-dropdown-69e0e3ce89929\"\r\n                 role=\"group\"\r\n                 aria-label=\"Available languages\"\r\n                 hidden\r\n inert\r\n>\r\n                                                            <a class=\"trp-language-item\" href=\"https:\/\/nilaspa.pe\/en\/wp-json\/wp\/v2\/pages\/9\" title=\"Spanish\">\r\n                            <img decoding=\"async\" src=\"https:\/\/nilaspa.pe\/wp-content\/plugins\/translatepress-multilingual\/assets\/flags\/4x3\/es_PE.svg\" class=\"trp-flag-image\" alt=\"\" role=\"presentation\" loading=\"lazy\" \/>                                                            <span class=\"trp-language-item-name\" data-no-translation>Spanish<\/span>\r\n                                                                                <\/a>\r\n                                                <\/div>\r\n        <\/div>\r\n\r\n    <\/div>\r\n\n\n\n\n<p><\/p>\n\n\n\n<p><\/p>\n<\/div><\/div>\n\n\n\n<p><br><\/p>\n\n\n\n<h2 class=\"wp-block-heading\">.<\/h2>\n\n\n\n<p>Welcome to Nila Spa Wellness Center\nAt our establishment, we place special importance on cleanliness, privacy, and the well-being of every visitor. Each space is carefully prepared, cleaned, and disinfected to ensure a hygienic, comfortable, and pleasant environment throughout the entire session.\nWe have private rooms, spacious massage tables, and a calm atmosphere that allows you to fully relax and disconnect from daily stress. Our team of therapists is trained to provide respectful, discreet, and professional service at all times.\nIn addition, we offer a variety of therapies designed to promote relaxation and physical well-being. If you would like to learn more about our sessions, you can request information with no obligation and with complete confidence.<\/p>\n\n\n\n<p>Contamos con salas privadas, camillas amplias y un ambiente tranquilo que permite relajarte completamente y desconectarte del estr\u00e9s diario. Nuestro equipo de terapeutas est\u00e1 capacitado para brindar una atenci\u00f3n respetuosa, discreta y profesional en todo momento.<\/p>\n\n\n\n<p>Adem\u00e1s, ofrecemos una variedad de terapias dise\u00f1adas para promover la relajaci\u00f3n y el bienestar corporal. Si deseas conocer m\u00e1s sobre nuestras sesiones, puedes solicitar informaci\u00f3n sin ning\u00fan compromiso y con total confianza<\/p>\n\n\n\n<figure class=\"wp-block-image size-large is-resized\"><img loading=\"lazy\" decoding=\"async\" width=\"683\" height=\"1024\" src=\"https:\/\/nilaspa.pe\/wp-content\/uploads\/2026\/03\/2822c233-bf8d-4d9d-bd5f-9e131b4daea3-683x1024.jpg\" alt=\"\" class=\"wp-image-31\" style=\"width:1200px;height:auto\" srcset=\"https:\/\/nilaspa.pe\/wp-content\/uploads\/2026\/03\/2822c233-bf8d-4d9d-bd5f-9e131b4daea3-683x1024.jpg 683w, https:\/\/nilaspa.pe\/wp-content\/uploads\/2026\/03\/2822c233-bf8d-4d9d-bd5f-9e131b4daea3-200x300.jpg 200w, https:\/\/nilaspa.pe\/wp-content\/uploads\/2026\/03\/2822c233-bf8d-4d9d-bd5f-9e131b4daea3-768x1152.jpg 768w, https:\/\/nilaspa.pe\/wp-content\/uploads\/2026\/03\/2822c233-bf8d-4d9d-bd5f-9e131b4daea3.jpg 1024w\" sizes=\"auto, (max-width: 683px) 100vw, 683px\" \/><\/figure>\n\n\n\n<p>Welcome to your relaxation space in Miraflores.<\/p>\n\n\n\n<p>A space created to help you disconnect from stress and renew your energy. \nEnjoy moments of wellness in a calm, private, and welcoming environment.<\/p>\n\n\n\n<h2 class=\"wp-block-heading\">Discover our wellness treatments<\/h2>\n\n\n\n<p>Massage in Miraflores to relax, renew your energy, and enjoy a moment of wellness.<\/p>\n\n\n\n<figure class=\"wp-block-image size-large is-resized\"><img loading=\"lazy\" decoding=\"async\" width=\"683\" height=\"1024\" src=\"https:\/\/nilaspa.pe\/wp-content\/uploads\/2026\/03\/file_00000000fcdc71f5a0f2f3cbff2ff1cc-683x1024.png\" alt=\"\" class=\"wp-image-48\" style=\"width:1200px;height:auto\" srcset=\"https:\/\/nilaspa.pe\/wp-content\/uploads\/2026\/03\/file_00000000fcdc71f5a0f2f3cbff2ff1cc-683x1024.png 683w, https:\/\/nilaspa.pe\/wp-content\/uploads\/2026\/03\/file_00000000fcdc71f5a0f2f3cbff2ff1cc-200x300.png 200w, https:\/\/nilaspa.pe\/wp-content\/uploads\/2026\/03\/file_00000000fcdc71f5a0f2f3cbff2ff1cc-768x1152.png 768w, https:\/\/nilaspa.pe\/wp-content\/uploads\/2026\/03\/file_00000000fcdc71f5a0f2f3cbff2ff1cc.png 1024w\" sizes=\"auto, (max-width: 683px) 100vw, 683px\" \/><\/figure>\n\n\n\n<h2 class=\"wp-block-heading\">Nuestro Equipo De Trabajo<\/h2>\n\n\n\n<figure class=\"wp-block-image size-large\"><img loading=\"lazy\" decoding=\"async\" width=\"683\" height=\"1024\" src=\"https:\/\/nilaspa.pe\/wp-content\/uploads\/2026\/04\/WhatsApp-Image-2026-04-02-at-3.20.45-AM-683x1024.jpeg\" alt=\"\" class=\"wp-image-159\" srcset=\"https:\/\/nilaspa.pe\/wp-content\/uploads\/2026\/04\/WhatsApp-Image-2026-04-02-at-3.20.45-AM-683x1024.jpeg 683w, https:\/\/nilaspa.pe\/wp-content\/uploads\/2026\/04\/WhatsApp-Image-2026-04-02-at-3.20.45-AM-200x300.jpeg 200w, https:\/\/nilaspa.pe\/wp-content\/uploads\/2026\/04\/WhatsApp-Image-2026-04-02-at-3.20.45-AM-768x1152.jpeg 768w, https:\/\/nilaspa.pe\/wp-content\/uploads\/2026\/04\/WhatsApp-Image-2026-04-02-at-3.20.45-AM-8x12.jpeg 8w, https:\/\/nilaspa.pe\/wp-content\/uploads\/2026\/04\/WhatsApp-Image-2026-04-02-at-3.20.45-AM.jpeg 1024w\" sizes=\"auto, (max-width: 683px) 100vw, 683px\" \/><\/figure>\n\n\n\n<h2 class=\"wp-block-heading\">ELIZA<\/h2>\n\n\n\n<figure class=\"wp-block-image size-large\"><img loading=\"lazy\" decoding=\"async\" width=\"683\" height=\"1024\" src=\"https:\/\/nilaspa.pe\/wp-content\/uploads\/2026\/04\/WhatsApp-Image-2026-03-25-at-12.59.58-AM-1-683x1024.jpeg\" alt=\"\" class=\"wp-image-154\" srcset=\"https:\/\/nilaspa.pe\/wp-content\/uploads\/2026\/04\/WhatsApp-Image-2026-03-25-at-12.59.58-AM-1-683x1024.jpeg 683w, https:\/\/nilaspa.pe\/wp-content\/uploads\/2026\/04\/WhatsApp-Image-2026-03-25-at-12.59.58-AM-1-200x300.jpeg 200w, https:\/\/nilaspa.pe\/wp-content\/uploads\/2026\/04\/WhatsApp-Image-2026-03-25-at-12.59.58-AM-1-768x1152.jpeg 768w, https:\/\/nilaspa.pe\/wp-content\/uploads\/2026\/04\/WhatsApp-Image-2026-03-25-at-12.59.58-AM-1-8x12.jpeg 8w, https:\/\/nilaspa.pe\/wp-content\/uploads\/2026\/04\/WhatsApp-Image-2026-03-25-at-12.59.58-AM-1.jpeg 1024w\" sizes=\"auto, (max-width: 683px) 100vw, 683px\" \/><\/figure>\n\n\n\n<h2 class=\"wp-block-heading\">CAMILA<\/h2>\n\n\n\n<figure class=\"wp-block-image size-large\"><img loading=\"lazy\" decoding=\"async\" width=\"759\" height=\"1024\" src=\"https:\/\/nilaspa.pe\/wp-content\/uploads\/2026\/04\/WhatsApp-Image-2026-04-02-at-2.21.30-AM-2-759x1024.jpeg\" alt=\"\" class=\"wp-image-162\" srcset=\"https:\/\/nilaspa.pe\/wp-content\/uploads\/2026\/04\/WhatsApp-Image-2026-04-02-at-2.21.30-AM-2-759x1024.jpeg 759w, https:\/\/nilaspa.pe\/wp-content\/uploads\/2026\/04\/WhatsApp-Image-2026-04-02-at-2.21.30-AM-2-222x300.jpeg 222w, https:\/\/nilaspa.pe\/wp-content\/uploads\/2026\/04\/WhatsApp-Image-2026-04-02-at-2.21.30-AM-2-768x1036.jpeg 768w, https:\/\/nilaspa.pe\/wp-content\/uploads\/2026\/04\/WhatsApp-Image-2026-04-02-at-2.21.30-AM-2-9x12.jpeg 9w, https:\/\/nilaspa.pe\/wp-content\/uploads\/2026\/04\/WhatsApp-Image-2026-04-02-at-2.21.30-AM-2.jpeg 833w\" sizes=\"auto, (max-width: 759px) 100vw, 759px\" \/><\/figure>\n\n\n\n<h2 class=\"wp-block-heading\">CATALINA<\/h2>\n\n\n\n<figure class=\"wp-block-image size-large\"><img loading=\"lazy\" decoding=\"async\" width=\"683\" height=\"1024\" src=\"https:\/\/nilaspa.pe\/wp-content\/uploads\/2026\/04\/WhatsApp-Image-2026-04-02-at-3.23.10-AM-683x1024.jpeg\" alt=\"\" class=\"wp-image-161\" srcset=\"https:\/\/nilaspa.pe\/wp-content\/uploads\/2026\/04\/WhatsApp-Image-2026-04-02-at-3.23.10-AM-683x1024.jpeg 683w, https:\/\/nilaspa.pe\/wp-content\/uploads\/2026\/04\/WhatsApp-Image-2026-04-02-at-3.23.10-AM-200x300.jpeg 200w, https:\/\/nilaspa.pe\/wp-content\/uploads\/2026\/04\/WhatsApp-Image-2026-04-02-at-3.23.10-AM-768x1152.jpeg 768w, https:\/\/nilaspa.pe\/wp-content\/uploads\/2026\/04\/WhatsApp-Image-2026-04-02-at-3.23.10-AM-8x12.jpeg 8w, https:\/\/nilaspa.pe\/wp-content\/uploads\/2026\/04\/WhatsApp-Image-2026-04-02-at-3.23.10-AM.jpeg 1024w\" sizes=\"auto, (max-width: 683px) 100vw, 683px\" \/><\/figure>\n\n\n\n<h2 class=\"wp-block-heading\">VALENTINA<\/h2>","protected":false},"excerpt":{"rendered":"<p>Massage for Men and Wellness Near You Ubicados en Av. Larco, en el coraz\u00f3n de Miraflores \u2013 Lima.A pocos pasos [&hellip;]<\/p>\n","protected":false},"author":1,"featured_media":0,"parent":0,"menu_order":0,"comment_status":"closed","ping_status":"closed","template":"","meta":{"site-sidebar-layout":"default","site-content-layout":"","ast-site-content-layout":"default","site-content-style":"default","site-sidebar-style":"default","ast-global-header-display":"","ast-banner-title-visibility":"","ast-main-header-display":"","ast-hfb-above-header-display":"","ast-hfb-below-header-display":"","ast-hfb-mobile-header-display":"","site-post-title":"","ast-breadcrumbs-content":"","ast-featured-img":"","footer-sml-layout":"","ast-disable-related-posts":"","theme-transparent-header-meta":"","adv-header-id-meta":"","stick-header-meta":"","header-above-stick-meta":"","header-main-stick-meta":"","header-below-stick-meta":"","astra-migrate-meta-layouts":"default","ast-page-background-enabled":"default","ast-page-background-meta":{"desktop":{"background-color":"var(--ast-global-color-5)","background-image":"","background-repeat":"repeat","background-position":"center center","background-size":"auto","background-attachment":"scroll","background-type":"","background-media":"","overlay-type":"","overlay-color":"","overlay-opacity":"","overlay-gradient":""},"tablet":{"background-color":"","background-image":"","background-repeat":"repeat","background-position":"center center","background-size":"auto","background-attachment":"scroll","background-type":"","background-media":"","overlay-type":"","overlay-color":"","overlay-opacity":"","overlay-gradient":""},"mobile":{"background-color":"","background-image":"","background-repeat":"repeat","background-position":"center center","background-size":"auto","background-attachment":"scroll","background-type":"","background-media":"","overlay-type":"","overlay-color":"","overlay-opacity":"","overlay-gradient":""}},"ast-content-background-meta":{"desktop":{"background-color":"var(--ast-global-color-4)","background-image":"","background-repeat":"repeat","background-position":"center center","background-size":"auto","background-attachment":"scroll","background-type":"","background-media":"","overlay-type":"","overlay-color":"","overlay-opacity":"","overlay-gradient":""},"tablet":{"background-color":"var(--ast-global-color-4)","background-image":"","background-repeat":"repeat","background-position":"center center","background-size":"auto","background-attachment":"scroll","background-type":"","background-media":"","overlay-type":"","overlay-color":"","overlay-opacity":"","overlay-gradient":""},"mobile":{"background-color":"var(--ast-global-color-4)","background-image":"","background-repeat":"repeat","background-position":"center center","background-size":"auto","background-attachment":"scroll","background-type":"","background-media":"","overlay-type":"","overlay-color":"","overlay-opacity":"","overlay-gradient":""}},"footnotes":""},"class_list":["post-9","page","type-page","status-publish","hentry"],"aioseo_notices":[],"_hostinger_reach_plugin_has_subscription_block":false,"_hostinger_reach_plugin_is_elementor":false,"_links":{"self":[{"href":"https:\/\/nilaspa.pe\/en\/wp-json\/wp\/v2\/pages\/9","targetHints":{"allow":["GET"]}}],"collection":[{"href":"https:\/\/nilaspa.pe\/en\/wp-json\/wp\/v2\/pages"}],"about":[{"href":"https:\/\/nilaspa.pe\/en\/wp-json\/wp\/v2\/types\/page"}],"author":[{"embeddable":true,"href":"https:\/\/nilaspa.pe\/en\/wp-json\/wp\/v2\/users\/1"}],"replies":[{"embeddable":true,"href":"https:\/\/nilaspa.pe\/en\/wp-json\/wp\/v2\/comments?post=9"}],"version-history":[{"count":40,"href":"https:\/\/nilaspa.pe\/en\/wp-json\/wp\/v2\/pages\/9\/revisions"}],"predecessor-version":[{"id":163,"href":"https:\/\/nilaspa.pe\/en\/wp-json\/wp\/v2\/pages\/9\/revisions\/163"}],"wp:attachment":[{"href":"https:\/\/nilaspa.pe\/en\/wp-json\/wp\/v2\/media?parent=9"}],"curies":[{"name":"wp","href":"https:\/\/api.w.org\/{rel}","templated":true}]}}