{"id":86,"date":"2026-03-08T05:43:02","date_gmt":"2026-03-08T05:43:02","guid":{"rendered":"https:\/\/nilaspa.pe\/?page_id=86"},"modified":"2026-03-08T05:45:08","modified_gmt":"2026-03-08T05:45:08","slug":"terapias-holisticas-tantra","status":"publish","type":"page","link":"https:\/\/nilaspa.pe\/en\/terapias-holisticas-tantra\/","title":{"rendered":"Terapias Hol\u00edsticas Tantra"},"content":{"rendered":"<p>Descubre nuestras terapias hol\u00edsticas pensadas para conectar el cuerpo a trav\u00e9s de los sentidos y vivir una experiencia \u00fanica de placer y bienestar.<\/p>\n\n\n\n<p>En Nila Spa buscamos que cada visitante se sienta como en casa. Desde el momento en que cruzas la puerta encontrar\u00e1s un ambiente acogedor, con buena energ\u00eda y pensado para brindarte tranquilidad y comodidad.<\/p>\n\n\n\n<p>Nuestro equipo de se\u00f1oritas preparadas ofrece una atenci\u00f3n cordial y profesional. Adem\u00e1s, somos muy cuidadosos con la limpieza, renovando siempre s\u00e1banas y toallas despu\u00e9s de cada sesi\u00f3n para garantizar un espacio limpio y agradable.<\/p>\n\n\n\n<p>Tambi\u00e9n contamos con ducha para que puedas asearte antes de retirarte y continuar tu d\u00eda con una sensaci\u00f3n de bienestar.<\/p>\n\n\n\n<p><\/p>\n\n\n\n<figure class=\"wp-block-image aligncenter size-full is-resized\"><img loading=\"lazy\" decoding=\"async\" width=\"1024\" height=\"1024\" src=\"https:\/\/nilaspa.pe\/wp-content\/uploads\/2026\/03\/WhatsApp-Image-2026-03-07-at-11.31.12-PM-2.jpeg\" alt=\"\" class=\"wp-image-88\" style=\"width:403px;height:auto\" srcset=\"https:\/\/nilaspa.pe\/wp-content\/uploads\/2026\/03\/WhatsApp-Image-2026-03-07-at-11.31.12-PM-2.jpeg 1024w, https:\/\/nilaspa.pe\/wp-content\/uploads\/2026\/03\/WhatsApp-Image-2026-03-07-at-11.31.12-PM-2-300x300.jpeg 300w, https:\/\/nilaspa.pe\/wp-content\/uploads\/2026\/03\/WhatsApp-Image-2026-03-07-at-11.31.12-PM-2-150x150.jpeg 150w, https:\/\/nilaspa.pe\/wp-content\/uploads\/2026\/03\/WhatsApp-Image-2026-03-07-at-11.31.12-PM-2-768x768.jpeg 768w\" sizes=\"auto, (max-width: 1024px) 100vw, 1024px\" \/><\/figure>\n\n\n\n<h2 class=\"wp-block-heading\">Terapia Lingam (Linga Massage)<\/h2>\n\n\n\n<p>Terapia que se realiza mediante un masaje de cuerpo completo. Durante la sesi\u00f3n tambi\u00e9n se incluye una estimulaci\u00f3n enfocada en la zona p\u00e9lvica, generando una sensaci\u00f3n profunda de bienestar.<\/p>\n\n\n\n<p>Duraci\u00f3n y tarifa:<\/p>\n\n\n\n<p>30 minutos \u2014 S\/ 100<br>60 minutos \u2014 S\/ 130<\/p>\n\n\n\n<h2 class=\"wp-block-heading\">Nuru Massage (Masaje Nuru)<\/h2>\n\n\n\n<p>Terapia corporal realizada con t\u00e9cnicas cuerpo a cuerpo que permiten una experiencia sensorial envolvente. Durante la sesi\u00f3n se aplican movimientos suaves que ayudan a despertar los sentidos y generar una profunda sensaci\u00f3n de bienestar.<\/p>\n\n\n\n<p>Duraci\u00f3n y tarifa:<\/p>\n\n\n\n<p>30 minutos \u2014 S\/ 150<br>60 minutos \u2014 S\/ 200<\/p>\n\n\n\n<h2 class=\"wp-block-heading\">Kashemir Massage (Kashmir \/ Cashmere)<\/h2>\n\n\n\n<p>Terapia sensorial realizada mediante t\u00e9cnicas cuerpo a cuerpo que buscan despertar los sentidos y generar una profunda sensaci\u00f3n de conexi\u00f3n y bienestar durante toda la sesi\u00f3n.<\/p>\n\n\n\n<p>Duraci\u00f3n y tarifa:<\/p>\n\n\n\n<p>30 minutos \u2014 S\/ 200<br>60 minutos \u2014 S\/ 250<\/p>\n\n\n\n<p><\/p>\n\n\n\n<figure class=\"wp-block-image aligncenter size-large is-resized\"><img loading=\"lazy\" decoding=\"async\" width=\"683\" height=\"1024\" src=\"https:\/\/nilaspa.pe\/wp-content\/uploads\/2026\/03\/WhatsApp-Image-2026-03-08-at-12.35.06-AM-683x1024.jpeg\" alt=\"\" class=\"wp-image-87\" style=\"aspect-ratio:0.6670007014730935;width:384px;height:auto\" srcset=\"https:\/\/nilaspa.pe\/wp-content\/uploads\/2026\/03\/WhatsApp-Image-2026-03-08-at-12.35.06-AM-683x1024.jpeg 683w, https:\/\/nilaspa.pe\/wp-content\/uploads\/2026\/03\/WhatsApp-Image-2026-03-08-at-12.35.06-AM-200x300.jpeg 200w, https:\/\/nilaspa.pe\/wp-content\/uploads\/2026\/03\/WhatsApp-Image-2026-03-08-at-12.35.06-AM-768x1152.jpeg 768w, https:\/\/nilaspa.pe\/wp-content\/uploads\/2026\/03\/WhatsApp-Image-2026-03-08-at-12.35.06-AM.jpeg 1024w\" sizes=\"auto, (max-width: 683px) 100vw, 683px\" \/><\/figure>","protected":false},"excerpt":{"rendered":"<p>Descubre nuestras terapias hol\u00edsticas pensadas para conectar el cuerpo a trav\u00e9s de los sentidos y vivir una experiencia \u00fanica de [&hellip;]<\/p>\n","protected":false},"author":1,"featured_media":0,"parent":0,"menu_order":0,"comment_status":"closed","ping_status":"closed","template":"","meta":{"site-sidebar-layout":"default","site-content-layout":"","ast-site-content-layout":"default","site-content-style":"default","site-sidebar-style":"default","ast-global-header-display":"","ast-banner-title-visibility":"","ast-main-header-display":"","ast-hfb-above-header-display":"","ast-hfb-below-header-display":"","ast-hfb-mobile-header-display":"","site-post-title":"","ast-breadcrumbs-content":"","ast-featured-img":"","footer-sml-layout":"","ast-disable-related-posts":"","theme-transparent-header-meta":"","adv-header-id-meta":"","stick-header-meta":"","header-above-stick-meta":"","header-main-stick-meta":"","header-below-stick-meta":"","astra-migrate-meta-layouts":"default","ast-page-background-enabled":"default","ast-page-background-meta":{"desktop":{"background-color":"var(--ast-global-color-5)","background-image":"","background-repeat":"repeat","background-position":"center center","background-size":"auto","background-attachment":"scroll","background-type":"","background-media":"","overlay-type":"","overlay-color":"","overlay-opacity":"","overlay-gradient":""},"tablet":{"background-color":"","background-image":"","background-repeat":"repeat","background-position":"center center","background-size":"auto","background-attachment":"scroll","background-type":"","background-media":"","overlay-type":"","overlay-color":"","overlay-opacity":"","overlay-gradient":""},"mobile":{"background-color":"","background-image":"","background-repeat":"repeat","background-position":"center center","background-size":"auto","background-attachment":"scroll","background-type":"","background-media":"","overlay-type":"","overlay-color":"","overlay-opacity":"","overlay-gradient":""}},"ast-content-background-meta":{"desktop":{"background-color":"var(--ast-global-color-4)","background-image":"","background-repeat":"repeat","background-position":"center center","background-size":"auto","background-attachment":"scroll","background-type":"","background-media":"","overlay-type":"","overlay-color":"","overlay-opacity":"","overlay-gradient":""},"tablet":{"background-color":"var(--ast-global-color-4)","background-image":"","background-repeat":"repeat","background-position":"center center","background-size":"auto","background-attachment":"scroll","background-type":"","background-media":"","overlay-type":"","overlay-color":"","overlay-opacity":"","overlay-gradient":""},"mobile":{"background-color":"var(--ast-global-color-4)","background-image":"","background-repeat":"repeat","background-position":"center center","background-size":"auto","background-attachment":"scroll","background-type":"","background-media":"","overlay-type":"","overlay-color":"","overlay-opacity":"","overlay-gradient":""}},"footnotes":""},"class_list":["post-86","page","type-page","status-publish","hentry"],"aioseo_notices":[],"_hostinger_reach_plugin_has_subscription_block":false,"_hostinger_reach_plugin_is_elementor":false,"_links":{"self":[{"href":"https:\/\/nilaspa.pe\/en\/wp-json\/wp\/v2\/pages\/86","targetHints":{"allow":["GET"]}}],"collection":[{"href":"https:\/\/nilaspa.pe\/en\/wp-json\/wp\/v2\/pages"}],"about":[{"href":"https:\/\/nilaspa.pe\/en\/wp-json\/wp\/v2\/types\/page"}],"author":[{"embeddable":true,"href":"https:\/\/nilaspa.pe\/en\/wp-json\/wp\/v2\/users\/1"}],"replies":[{"embeddable":true,"href":"https:\/\/nilaspa.pe\/en\/wp-json\/wp\/v2\/comments?post=86"}],"version-history":[{"count":2,"href":"https:\/\/nilaspa.pe\/en\/wp-json\/wp\/v2\/pages\/86\/revisions"}],"predecessor-version":[{"id":90,"href":"https:\/\/nilaspa.pe\/en\/wp-json\/wp\/v2\/pages\/86\/revisions\/90"}],"wp:attachment":[{"href":"https:\/\/nilaspa.pe\/en\/wp-json\/wp\/v2\/media?parent=86"}],"curies":[{"name":"wp","href":"https:\/\/api.w.org\/{rel}","templated":true}]}}