{"id":65,"date":"2026-03-06T23:25:07","date_gmt":"2026-03-06T23:25:07","guid":{"rendered":"https:\/\/nilaspa.pe\/?page_id=65"},"modified":"2026-04-01T04:20:55","modified_gmt":"2026-04-01T04:20:55","slug":"nosotros","status":"publish","type":"page","link":"https:\/\/nilaspa.pe\/en\/nosotros\/","title":{"rendered":"Nosotros"},"content":{"rendered":"<p>En Nila Spa ofrecemos masajes en Miraflores en un espacio exclusivo, privado y acogedor, ubicado en Av. Larco, a pocos pasos del Parque Kennedy.<\/p>\n\n\n\n<p>Ofrecemos masajes relajantes, descontracturantes y terapias hol\u00edsticas de bienestar pensadas para aliviar el estr\u00e9s, liberar tensiones y renovar tu energ\u00eda en el coraz\u00f3n de Miraflores.<\/p>\n\n\n\n<p>Brindamos una experiencia de bienestar en un ambiente privado, elegante y acogedor, ideal para quienes buscan relajarse y desconectarse de la rutina en Miraflores.<\/p>\n\n\n\n<p>Te invitamos a reservar tu cita por WhatsApp y disfrutar de una experiencia \u00fanica de relajaci\u00f3n y bienestar en Miraflores.<\/p>\n\n\n\nNos ubicamos en Av. Larco, a pocos pasos del Parque Kennedy, en el coraz\u00f3n de Miraflores.\n\n\n\n\n<figure class=\"wp-block-image size-large\"><img loading=\"lazy\" decoding=\"async\" width=\"1024\" height=\"683\" src=\"https:\/\/nilaspa.pe\/wp-content\/uploads\/2026\/04\/file_00000000d06871f5bcb125b4c551ddcc-1024x683.png\" alt=\"\" class=\"wp-image-144\" srcset=\"https:\/\/nilaspa.pe\/wp-content\/uploads\/2026\/04\/file_00000000d06871f5bcb125b4c551ddcc-1024x683.png 1024w, https:\/\/nilaspa.pe\/wp-content\/uploads\/2026\/04\/file_00000000d06871f5bcb125b4c551ddcc-300x200.png 300w, https:\/\/nilaspa.pe\/wp-content\/uploads\/2026\/04\/file_00000000d06871f5bcb125b4c551ddcc-768x512.png 768w, https:\/\/nilaspa.pe\/wp-content\/uploads\/2026\/04\/file_00000000d06871f5bcb125b4c551ddcc-18x12.png 18w, https:\/\/nilaspa.pe\/wp-content\/uploads\/2026\/04\/file_00000000d06871f5bcb125b4c551ddcc.png 1536w\" sizes=\"auto, (max-width: 1024px) 100vw, 1024px\" \/><\/figure>","protected":false},"excerpt":{"rendered":"<p>En Nila Spa ofrecemos masajes en Miraflores en un espacio exclusivo, privado y acogedor, ubicado en Av. Larco, a pocos [&hellip;]<\/p>\n","protected":false},"author":1,"featured_media":0,"parent":0,"menu_order":0,"comment_status":"closed","ping_status":"closed","template":"","meta":{"site-sidebar-layout":"default","site-content-layout":"","ast-site-content-layout":"default","site-content-style":"default","site-sidebar-style":"default","ast-global-header-display":"","ast-banner-title-visibility":"","ast-main-header-display":"","ast-hfb-above-header-display":"","ast-hfb-below-header-display":"","ast-hfb-mobile-header-display":"","site-post-title":"","ast-breadcrumbs-content":"","ast-featured-img":"","footer-sml-layout":"","ast-disable-related-posts":"","theme-transparent-header-meta":"","adv-header-id-meta":"","stick-header-meta":"","header-above-stick-meta":"","header-main-stick-meta":"","header-below-stick-meta":"","astra-migrate-meta-layouts":"default","ast-page-background-enabled":"default","ast-page-background-meta":{"desktop":{"background-color":"var(--ast-global-color-5)","background-image":"","background-repeat":"repeat","background-position":"center center","background-size":"auto","background-attachment":"scroll","background-type":"","background-media":"","overlay-type":"","overlay-color":"","overlay-opacity":"","overlay-gradient":""},"tablet":{"background-color":"","background-image":"","background-repeat":"repeat","background-position":"center center","background-size":"auto","background-attachment":"scroll","background-type":"","background-media":"","overlay-type":"","overlay-color":"","overlay-opacity":"","overlay-gradient":""},"mobile":{"background-color":"","background-image":"","background-repeat":"repeat","background-position":"center center","background-size":"auto","background-attachment":"scroll","background-type":"","background-media":"","overlay-type":"","overlay-color":"","overlay-opacity":"","overlay-gradient":""}},"ast-content-background-meta":{"desktop":{"background-color":"var(--ast-global-color-4)","background-image":"","background-repeat":"repeat","background-position":"center center","background-size":"auto","background-attachment":"scroll","background-type":"","background-media":"","overlay-type":"","overlay-color":"","overlay-opacity":"","overlay-gradient":""},"tablet":{"background-color":"var(--ast-global-color-4)","background-image":"","background-repeat":"repeat","background-position":"center center","background-size":"auto","background-attachment":"scroll","background-type":"","background-media":"","overlay-type":"","overlay-color":"","overlay-opacity":"","overlay-gradient":""},"mobile":{"background-color":"var(--ast-global-color-4)","background-image":"","background-repeat":"repeat","background-position":"center center","background-size":"auto","background-attachment":"scroll","background-type":"","background-media":"","overlay-type":"","overlay-color":"","overlay-opacity":"","overlay-gradient":""}},"footnotes":""},"class_list":["post-65","page","type-page","status-publish","hentry"],"aioseo_notices":[],"_hostinger_reach_plugin_has_subscription_block":false,"_hostinger_reach_plugin_is_elementor":false,"_links":{"self":[{"href":"https:\/\/nilaspa.pe\/en\/wp-json\/wp\/v2\/pages\/65","targetHints":{"allow":["GET"]}}],"collection":[{"href":"https:\/\/nilaspa.pe\/en\/wp-json\/wp\/v2\/pages"}],"about":[{"href":"https:\/\/nilaspa.pe\/en\/wp-json\/wp\/v2\/types\/page"}],"author":[{"embeddable":true,"href":"https:\/\/nilaspa.pe\/en\/wp-json\/wp\/v2\/users\/1"}],"replies":[{"embeddable":true,"href":"https:\/\/nilaspa.pe\/en\/wp-json\/wp\/v2\/comments?post=65"}],"version-history":[{"count":7,"href":"https:\/\/nilaspa.pe\/en\/wp-json\/wp\/v2\/pages\/65\/revisions"}],"predecessor-version":[{"id":145,"href":"https:\/\/nilaspa.pe\/en\/wp-json\/wp\/v2\/pages\/65\/revisions\/145"}],"wp:attachment":[{"href":"https:\/\/nilaspa.pe\/en\/wp-json\/wp\/v2\/media?parent=65"}],"curies":[{"name":"wp","href":"https:\/\/api.w.org\/{rel}","templated":true}]}}